
{"id":129,"date":"2016-05-26T14:36:38","date_gmt":"2016-05-26T12:36:38","guid":{"rendered":"http:\/\/www.vinia.se\/blogg\/vin-och-vanner\/?page_id=129"},"modified":"2024-06-28T14:35:28","modified_gmt":"2024-06-28T12:35:28","slug":"om-bloggen","status":"publish","type":"page","link":"https:\/\/www.vinia.se\/blogg\/vin-och-vanner\/om-bloggen\/","title":{"rendered":"Om bloggen"},"content":{"rendered":"<p>I Vinias blogg finns alla de viner och r\u00e5varor vi \u00e4lskar. Vi \u00e4r passionerade njutningsm\u00e4nniskor och vill dela med oss av v\u00e5r kunskap om vinets v\u00e4rld. Till vin h\u00f6r sj\u00e4lvklart ocks\u00e5 mat och goda tillbeh\u00f6r, bloggen lyfter b\u00e5da och allt runt omkring!<\/p>\n<p>Du f\u00e5r ta del av:<\/p>\n<ul>\n<li><a href=\"http:\/\/www.vinia.se\/blogg\/vin-och-vanner\/kategori\/recept\/\">Recept<\/a> \u2013 klassiska och moderna trendr\u00e4tter, alltid med bra vinmatchning<\/li>\n<li>Snabba fest- och mingeltips<\/li>\n<li><a href=\"https:\/\/www.vinia.se\/blogg\/vin-och-vanner\/wp-admin\/term.php?taxonomy=category&amp;tag_ID=1273&amp;post_type=post&amp;wp_http_referer=%2Fblogg%2Fvin-och-vanner%2Fwp-admin%2Fedit-tags.php%3Ftaxonomy%3Dcategory%26paged%3D2\">Vinprovning<\/a> \u2013 testa vin med oss!<\/li>\n<li><a href=\"http:\/\/www.vinia.se\/blogg\/vin-och-vanner\/kategori\/vinkunskap\/\">Vinkunskap<\/a> \u2013 m\u00e5ste ett vin luftas, och hur \u00e4r det med det h\u00e4r med socker i vin?<\/li>\n<li><a href=\"https:\/\/www.vinia.se\/blogg\/vin-och-vanner\/wp-admin\/term.php?taxonomy=category&amp;tag_ID=1270&amp;post_type=post&amp;wp_http_referer=%2Fblogg%2Fvin-och-vanner%2Fwp-admin%2Fedit-tags.php%3Ftaxonomy%3Dcategory%26paged%3D2\">Winehacks<\/a> \u2013 l\u00e4r dig att turbokyla sommarens ros\u00e9vin och att ta bort en ful vinfl\u00e4ck<\/li>\n<li><a href=\"https:\/\/www.vinia.se\/blogg\/vin-och-vanner\/wp-admin\/term.php?taxonomy=category&amp;tag_ID=31&amp;post_type=post&amp;wp_http_referer=%2Fblogg%2Fvin-och-vanner%2Fwp-admin%2Fedit-tags.php%3Ftaxonomy%3Dcategory%26paged%3D1\">Bakom kulisserna<\/a> \u2013 f\u00f6lj v\u00e5rt arbete hos producenterna och i vardagen<\/li>\n<\/ul>\n<p>F\u00f6lj med p\u00e5 resan och bli en av v\u00e5ra vin- och matv\u00e4nner!<\/p>\n<p>L\u00e5t det smaka!<\/p>\n","protected":false},"excerpt":{"rendered":"<p>I Vinias blogg finns alla de viner och r\u00e5varor vi \u00e4lskar. Vi \u00e4r passionerade njutningsm\u00e4nniskor och vill dela med oss av v\u00e5r kunskap om vinets v\u00e4rld. Till vin h\u00f6r sj\u00e4lvklart <a class=\"read-more\" href=\"https:\/\/www.vinia.se\/blogg\/vin-och-vanner\/om-bloggen\/\">[&#8230;]<\/a><\/p>\n","protected":false},"author":1,"featured_media":0,"parent":0,"menu_order":0,"comment_status":"closed","ping_status":"closed","template":"","meta":{"inline_featured_image":false,"footnotes":""},"class_list":["post-129","page","type-page","status-publish","hentry"],"_links":{"self":[{"href":"https:\/\/www.vinia.se\/blogg\/vin-och-vanner\/wp-json\/wp\/v2\/pages\/129","targetHints":{"allow":["GET"]}}],"collection":[{"href":"https:\/\/www.vinia.se\/blogg\/vin-och-vanner\/wp-json\/wp\/v2\/pages"}],"about":[{"href":"https:\/\/www.vinia.se\/blogg\/vin-och-vanner\/wp-json\/wp\/v2\/types\/page"}],"author":[{"embeddable":true,"href":"https:\/\/www.vinia.se\/blogg\/vin-och-vanner\/wp-json\/wp\/v2\/users\/1"}],"replies":[{"embeddable":true,"href":"https:\/\/www.vinia.se\/blogg\/vin-och-vanner\/wp-json\/wp\/v2\/comments?post=129"}],"version-history":[{"count":6,"href":"https:\/\/www.vinia.se\/blogg\/vin-och-vanner\/wp-json\/wp\/v2\/pages\/129\/revisions"}],"predecessor-version":[{"id":5038,"href":"https:\/\/www.vinia.se\/blogg\/vin-och-vanner\/wp-json\/wp\/v2\/pages\/129\/revisions\/5038"}],"wp:attachment":[{"href":"https:\/\/www.vinia.se\/blogg\/vin-och-vanner\/wp-json\/wp\/v2\/media?parent=129"}],"curies":[{"name":"wp","href":"https:\/\/api.w.org\/{rel}","templated":true}]}}